{"id":52,"date":"2022-12-23T08:33:06","date_gmt":"2022-12-23T08:33:06","guid":{"rendered":"https:\/\/viverosmiret.es\/?page_id=52"},"modified":"2023-03-31T16:51:35","modified_gmt":"2023-03-31T16:51:35","slug":"empresa","status":"publish","type":"page","link":"https:\/\/viverosmiret.es\/en\/empresa\/","title":{"rendered":"Empresa"},"content":{"rendered":"<div data-elementor-type=\"wp-page\" data-elementor-id=\"52\" class=\"elementor elementor-52\">\n\t\t\t\t\t\t\t\t\t<section class=\"elementor-section elementor-top-section elementor-element elementor-element-b2befa7 elementor-section-boxed elementor-section-height-default elementor-section-height-default\" data-id=\"b2befa7\" data-element_type=\"section\">\n\t\t\t\t\t\t<div class=\"elementor-container elementor-column-gap-default\">\n\t\t\t\t\t<div class=\"elementor-column elementor-col-100 elementor-top-column elementor-element elementor-element-365288a\" data-id=\"365288a\" data-element_type=\"column\">\n\t\t\t<div class=\"elementor-widget-wrap elementor-element-populated\">\n\t\t\t\t\t\t\t\t<div class=\"elementor-element elementor-element-d1e4068 elementor-widget elementor-widget-text-editor\" data-id=\"d1e4068\" data-element_type=\"widget\" data-widget_type=\"text-editor.default\">\n\t\t\t\t<div class=\"elementor-widget-container\">\n\t\t\t<style>\/*! elementor - v3.17.0 - 08-11-2023 *\/\n.elementor-widget-text-editor.elementor-drop-cap-view-stacked .elementor-drop-cap{background-color:#69727d;color:#fff}.elementor-widget-text-editor.elementor-drop-cap-view-framed .elementor-drop-cap{color:#69727d;border:3px solid;background-color:transparent}.elementor-widget-text-editor:not(.elementor-drop-cap-view-default) .elementor-drop-cap{margin-top:8px}.elementor-widget-text-editor:not(.elementor-drop-cap-view-default) .elementor-drop-cap-letter{width:1em;height:1em}.elementor-widget-text-editor .elementor-drop-cap{float:left;text-align:center;line-height:1;font-size:50px}.elementor-widget-text-editor .elementor-drop-cap-letter{display:inline-block}<\/style>\t\t\t\t<p><strong>La Empresa.<\/strong><\/p><p>La empresa se inicia en 1990 como productor de Bouganvillea para mercado internacional. Con el tiempo se ampl\u00edan formatos y variedades para comercializar en el mercado nacional.<\/p><p>Para satisfacer a nuestros clientes producimos plantas de calidad y vamos ampliando y modificando nuestros formaros seg\u00fan sus necesidades.<\/p><p>Somos una empresa familiar ubicada en la costa valenciana.\u00a0 Con xx hras, nuestra producci\u00f3n es limitada para garantizar la alta calidad de nuestras plantas.<\/p><p>Cuidamos nuestra planta desde la selecci\u00f3n del esqueje y durante su crecimiento, hasta su comercializaci\u00f3n.<\/p><p>Al especializarnos en un producto investigamos y mejoramos los procesos de producci\u00f3n para obtener plantas de la mayor calidad.<\/p><p>Nuestras plantas, se cr\u00edan al natural, sin utilizar calefacci\u00f3n artificial. Esto hace que se cr\u00eden robustas con profundidad de ra\u00edces lo que asegura su buen comportamiento al transpantarla.<\/p><p>Utilizamos diferentes substratos durante el proceso de crecimiento desde el esqueje inicial.<\/p><p>Mantenemos nuestras plantas madre para crear nuestros propios esquejes, pudiendo as\u00ed ofrecer distintas variedades y colores<\/p><ul><li>Expertos en Bouganvillea<\/li><li>Gran diversidad de formatos y variedades. Gama de colores.<\/li><li>Riego por goteo.<\/li><li>Venta a profesionales y mayoristas.<\/li><\/ul>\t\t\t\t\t\t<\/div>\n\t\t\t\t<\/div>\n\t\t\t\t\t<\/div>\n\t\t<\/div>\n\t\t\t\t\t\t\t<\/div>\n\t\t<\/section>\n\t\t\t\t\t\t\t<\/div>","protected":false},"excerpt":{"rendered":"<p>La Empresa. La empresa se inicia en 1990 como productor de Bouganvillea para mercado internacional. Con el tiempo se ampl\u00edan formatos y variedades para comercializar en el mercado nacional. Para satisfacer a nuestros clientes producimos plantas de calidad y vamos ampliando y modificando nuestros formaros seg\u00fan sus necesidades. Somos una empresa familiar ubicada en la &#8230; <a title=\"Empresa\" class=\"read-more\" href=\"https:\/\/viverosmiret.es\/en\/empresa\/\" aria-label=\"More on Empresa\">Read more<\/a><\/p>","protected":false},"author":1,"featured_media":0,"parent":0,"menu_order":0,"comment_status":"closed","ping_status":"closed","template":"elementor_header_footer","meta":{"footnotes":""},"class_list":["post-52","page","type-page","status-publish"],"yoast_head":"<!-- This site is optimized with the Yoast SEO plugin v24.6 - https:\/\/yoast.com\/wordpress\/plugins\/seo\/ -->\n<title>Empresa - Viveros Miret<\/title>\n<meta name=\"robots\" content=\"index, follow, max-snippet:-1, max-image-preview:large, max-video-preview:-1\" \/>\n<link rel=\"canonical\" href=\"https:\/\/viverosmiret.es\/en\/empresa\/\" \/>\n<meta property=\"og:locale\" content=\"en_GB\" \/>\n<meta property=\"og:type\" content=\"article\" \/>\n<meta property=\"og:title\" content=\"Empresa - Viveros Miret\" \/>\n<meta property=\"og:description\" content=\"La Empresa. La empresa se inicia en 1990 como productor de Bouganvillea para mercado internacional. Con el tiempo se ampl\u00edan formatos y variedades para comercializar en el mercado nacional. Para satisfacer a nuestros clientes producimos plantas de calidad y vamos ampliando y modificando nuestros formaros seg\u00fan sus necesidades. Somos una empresa familiar ubicada en la ... Read more\" \/>\n<meta property=\"og:url\" content=\"https:\/\/viverosmiret.es\/en\/empresa\/\" \/>\n<meta property=\"og:site_name\" content=\"Viveros Miret\" \/>\n<meta property=\"article:modified_time\" content=\"2023-03-31T16:51:35+00:00\" \/>\n<meta name=\"twitter:card\" content=\"summary_large_image\" \/>\n<meta name=\"twitter:label1\" content=\"Estimated reading time\" \/>\n\t<meta name=\"twitter:data1\" content=\"1 minute\" \/>\n<script type=\"application\/ld+json\" class=\"yoast-schema-graph\">{\"@context\":\"https:\/\/schema.org\",\"@graph\":[{\"@type\":\"WebPage\",\"@id\":\"https:\/\/viverosmiret.es\/empresa\/\",\"url\":\"https:\/\/viverosmiret.es\/empresa\/\",\"name\":\"Empresa - Viveros Miret\",\"isPartOf\":{\"@id\":\"https:\/\/viverosmiret.es\/#website\"},\"datePublished\":\"2022-12-23T08:33:06+00:00\",\"dateModified\":\"2023-03-31T16:51:35+00:00\",\"inLanguage\":\"en-GB\",\"potentialAction\":[{\"@type\":\"ReadAction\",\"target\":[\"https:\/\/viverosmiret.es\/empresa\/\"]}]},{\"@type\":\"WebSite\",\"@id\":\"https:\/\/viverosmiret.es\/#website\",\"url\":\"https:\/\/viverosmiret.es\/\",\"name\":\"Viveros Miret\",\"description\":\"\",\"publisher\":{\"@id\":\"https:\/\/viverosmiret.es\/#organization\"},\"potentialAction\":[{\"@type\":\"SearchAction\",\"target\":{\"@type\":\"EntryPoint\",\"urlTemplate\":\"https:\/\/viverosmiret.es\/?s={search_term_string}\"},\"query-input\":{\"@type\":\"PropertyValueSpecification\",\"valueRequired\":true,\"valueName\":\"search_term_string\"}}],\"inLanguage\":\"en-GB\"},{\"@type\":\"Organization\",\"@id\":\"https:\/\/viverosmiret.es\/#organization\",\"name\":\"Viveros Miret\",\"url\":\"https:\/\/viverosmiret.es\/\",\"logo\":{\"@type\":\"ImageObject\",\"inLanguage\":\"en-GB\",\"@id\":\"https:\/\/viverosmiret.es\/#\/schema\/logo\/image\/\",\"url\":\"https:\/\/viverosmiret.es\/wp-content\/uploads\/2023\/03\/buganvilla-detalle-2.jpg\",\"contentUrl\":\"https:\/\/viverosmiret.es\/wp-content\/uploads\/2023\/03\/buganvilla-detalle-2.jpg\",\"width\":215,\"height\":158,\"caption\":\"Viveros Miret\"},\"image\":{\"@id\":\"https:\/\/viverosmiret.es\/#\/schema\/logo\/image\/\"}}]}<\/script>\n<!-- \/ Yoast SEO plugin. -->","yoast_head_json":{"title":"Empresa - Viveros Miret","robots":{"index":"index","follow":"follow","max-snippet":"max-snippet:-1","max-image-preview":"max-image-preview:large","max-video-preview":"max-video-preview:-1"},"canonical":"https:\/\/viverosmiret.es\/en\/empresa\/","og_locale":"en_GB","og_type":"article","og_title":"Empresa - Viveros Miret","og_description":"La Empresa. La empresa se inicia en 1990 como productor de Bouganvillea para mercado internacional. Con el tiempo se ampl\u00edan formatos y variedades para comercializar en el mercado nacional. Para satisfacer a nuestros clientes producimos plantas de calidad y vamos ampliando y modificando nuestros formaros seg\u00fan sus necesidades. Somos una empresa familiar ubicada en la ... Read more","og_url":"https:\/\/viverosmiret.es\/en\/empresa\/","og_site_name":"Viveros Miret","article_modified_time":"2023-03-31T16:51:35+00:00","twitter_card":"summary_large_image","twitter_misc":{"Estimated reading time":"1 minute"},"schema":{"@context":"https:\/\/schema.org","@graph":[{"@type":"WebPage","@id":"https:\/\/viverosmiret.es\/empresa\/","url":"https:\/\/viverosmiret.es\/empresa\/","name":"Empresa - Viveros Miret","isPartOf":{"@id":"https:\/\/viverosmiret.es\/#website"},"datePublished":"2022-12-23T08:33:06+00:00","dateModified":"2023-03-31T16:51:35+00:00","inLanguage":"en-GB","potentialAction":[{"@type":"ReadAction","target":["https:\/\/viverosmiret.es\/empresa\/"]}]},{"@type":"WebSite","@id":"https:\/\/viverosmiret.es\/#website","url":"https:\/\/viverosmiret.es\/","name":"Viveros Miret","description":"","publisher":{"@id":"https:\/\/viverosmiret.es\/#organization"},"potentialAction":[{"@type":"SearchAction","target":{"@type":"EntryPoint","urlTemplate":"https:\/\/viverosmiret.es\/?s={search_term_string}"},"query-input":{"@type":"PropertyValueSpecification","valueRequired":true,"valueName":"search_term_string"}}],"inLanguage":"en-GB"},{"@type":"Organization","@id":"https:\/\/viverosmiret.es\/#organization","name":"Viveros Miret","url":"https:\/\/viverosmiret.es\/","logo":{"@type":"ImageObject","inLanguage":"en-GB","@id":"https:\/\/viverosmiret.es\/#\/schema\/logo\/image\/","url":"https:\/\/viverosmiret.es\/wp-content\/uploads\/2023\/03\/buganvilla-detalle-2.jpg","contentUrl":"https:\/\/viverosmiret.es\/wp-content\/uploads\/2023\/03\/buganvilla-detalle-2.jpg","width":215,"height":158,"caption":"Viveros Miret"},"image":{"@id":"https:\/\/viverosmiret.es\/#\/schema\/logo\/image\/"}}]}},"_links":{"self":[{"href":"https:\/\/viverosmiret.es\/en\/wp-json\/wp\/v2\/pages\/52"}],"collection":[{"href":"https:\/\/viverosmiret.es\/en\/wp-json\/wp\/v2\/pages"}],"about":[{"href":"https:\/\/viverosmiret.es\/en\/wp-json\/wp\/v2\/types\/page"}],"author":[{"embeddable":true,"href":"https:\/\/viverosmiret.es\/en\/wp-json\/wp\/v2\/users\/1"}],"replies":[{"embeddable":true,"href":"https:\/\/viverosmiret.es\/en\/wp-json\/wp\/v2\/comments?post=52"}],"version-history":[{"count":19,"href":"https:\/\/viverosmiret.es\/en\/wp-json\/wp\/v2\/pages\/52\/revisions"}],"predecessor-version":[{"id":251,"href":"https:\/\/viverosmiret.es\/en\/wp-json\/wp\/v2\/pages\/52\/revisions\/251"}],"wp:attachment":[{"href":"https:\/\/viverosmiret.es\/en\/wp-json\/wp\/v2\/media?parent=52"}],"curies":[{"name":"wp","href":"https:\/\/api.w.org\/{rel}","templated":true}]}}