{"id":9,"date":"2022-12-22T13:01:19","date_gmt":"2022-12-22T13:01:19","guid":{"rendered":"https:\/\/viverosmiret.es\/?page_id=9"},"modified":"2025-03-10T09:04:30","modified_gmt":"2025-03-10T09:04:30","slug":"inicio","status":"publish","type":"page","link":"https:\/\/viverosmiret.es\/en\/","title":{"rendered":"Inicio"},"content":{"rendered":"<div data-elementor-type=\"wp-page\" data-elementor-id=\"9\" class=\"elementor elementor-9\">\n\t\t\t\t\t\t\t\t\t<section class=\"elementor-section elementor-top-section elementor-element elementor-element-9d4c90a elementor-section-full_width elementor-section-stretched elementor-section-height-default elementor-section-height-default\" data-id=\"9d4c90a\" data-element_type=\"section\" data-settings=\"{&quot;stretch_section&quot;:&quot;section-stretched&quot;,&quot;motion_fx_opacity_direction&quot;:&quot;in-out&quot;,&quot;motion_fx_opacity_range&quot;:{&quot;unit&quot;:&quot;%&quot;,&quot;size&quot;:&quot;&quot;,&quot;sizes&quot;:{&quot;start&quot;:0,&quot;end&quot;:20}},&quot;sticky&quot;:&quot;top&quot;,&quot;motion_fx_motion_fx_scrolling&quot;:&quot;yes&quot;,&quot;motion_fx_opacity_effect&quot;:&quot;yes&quot;,&quot;motion_fx_range&quot;:&quot;page&quot;,&quot;motion_fx_opacity_level&quot;:{&quot;unit&quot;:&quot;px&quot;,&quot;size&quot;:10,&quot;sizes&quot;:[]},&quot;motion_fx_devices&quot;:[&quot;desktop&quot;,&quot;tablet&quot;,&quot;mobile&quot;],&quot;sticky_on&quot;:[&quot;desktop&quot;,&quot;tablet&quot;,&quot;mobile&quot;],&quot;sticky_offset&quot;:0,&quot;sticky_effects_offset&quot;:0}\">\n\t\t\t\t\t\t<div class=\"elementor-container elementor-column-gap-no\">\n\t\t\t\t\t<div class=\"elementor-column elementor-col-100 elementor-top-column elementor-element elementor-element-6ed610a\" data-id=\"6ed610a\" data-element_type=\"column\">\n\t\t\t<div class=\"elementor-widget-wrap elementor-element-populated\">\n\t\t\t\t\t\t\t\t<div class=\"elementor-element elementor-element-33425a7 elementor--h-position-center elementor--v-position-middle elementor-arrows-position-inside elementor-pagination-position-inside elementor-widget elementor-widget-slides\" data-id=\"33425a7\" data-element_type=\"widget\" data-settings=\"{&quot;navigation&quot;:&quot;both&quot;,&quot;autoplay&quot;:&quot;yes&quot;,&quot;pause_on_hover&quot;:&quot;yes&quot;,&quot;pause_on_interaction&quot;:&quot;yes&quot;,&quot;autoplay_speed&quot;:5000,&quot;infinite&quot;:&quot;yes&quot;,&quot;transition&quot;:&quot;slide&quot;,&quot;transition_speed&quot;:500}\" data-widget_type=\"slides.default\">\n\t\t\t\t<div class=\"elementor-widget-container\">\n\t\t\t\t\t<div class=\"elementor-swiper\">\n\t\t\t<div class=\"elementor-slides-wrapper elementor-main-swiper swiper-container\" dir=\"ltr\" data-animation=\"fadeInUp\">\n\t\t\t\t<div class=\"swiper-wrapper elementor-slides\">\n\t\t\t\t\t<div class=\"elementor-repeater-item-c1ce4e2 swiper-slide\"><div class=\"swiper-slide-bg\"><\/div><div class=\"swiper-slide-inner\" ><div class=\"swiper-slide-contents\"><\/div><\/div><\/div><div class=\"elementor-repeater-item-c667146 swiper-slide\"><div class=\"swiper-slide-bg\"><\/div><div class=\"swiper-slide-inner\" ><div class=\"swiper-slide-contents\"><\/div><\/div><\/div><div class=\"elementor-repeater-item-b6aa5d6 swiper-slide\"><div class=\"swiper-slide-bg\"><\/div><div class=\"swiper-slide-inner\" ><div class=\"swiper-slide-contents\"><\/div><\/div><\/div>\t\t\t\t<\/div>\n\t\t\t\t\t\t\t\t\t\t\t\t\t\t\t<div class=\"swiper-pagination\"><\/div>\n\t\t\t\t\t\t\t\t\t\t\t\t\t\t\t\t<div class=\"elementor-swiper-button elementor-swiper-button-prev\">\n\t\t\t\t\t\t\t<i class=\"eicon-chevron-left\" aria-hidden=\"true\"><\/i>\n\t\t\t\t\t\t\t<span class=\"elementor-screen-only\">Previous<\/span>\n\t\t\t\t\t\t<\/div>\n\t\t\t\t\t\t<div class=\"elementor-swiper-button elementor-swiper-button-next\">\n\t\t\t\t\t\t\t<i class=\"eicon-chevron-right\" aria-hidden=\"true\"><\/i>\n\t\t\t\t\t\t\t<span class=\"elementor-screen-only\">Next<\/span>\n\t\t\t\t\t\t<\/div>\n\t\t\t\t\t\t\t\t\t\t\t\t<\/div>\n\t\t<\/div>\n\t\t\t\t<\/div>\n\t\t\t\t<\/div>\n\t\t\t\t\t<\/div>\n\t\t<\/div>\n\t\t\t\t\t\t\t<\/div>\n\t\t<\/section>\n\t\t\t\t<section class=\"elementor-section elementor-top-section elementor-element elementor-element-1a6d3d7 elementor-section-boxed elementor-section-height-default elementor-section-height-default\" data-id=\"1a6d3d7\" data-element_type=\"section\">\n\t\t\t\t\t\t<div class=\"elementor-container elementor-column-gap-default\">\n\t\t\t\t\t<div class=\"elementor-column elementor-col-100 elementor-top-column elementor-element elementor-element-f8b47e0\" data-id=\"f8b47e0\" data-element_type=\"column\">\n\t\t\t<div class=\"elementor-widget-wrap elementor-element-populated\">\n\t\t\t\t\t\t\t\t<div class=\"elementor-element elementor-element-01db164 elementor-widget elementor-widget-text-editor\" data-id=\"01db164\" data-element_type=\"widget\" data-widget_type=\"text-editor.default\">\n\t\t\t\t<div class=\"elementor-widget-container\">\n\t\t\t<style>\/*! elementor - v3.17.0 - 08-11-2023 *\/\n.elementor-widget-text-editor.elementor-drop-cap-view-stacked .elementor-drop-cap{background-color:#69727d;color:#fff}.elementor-widget-text-editor.elementor-drop-cap-view-framed .elementor-drop-cap{color:#69727d;border:3px solid;background-color:transparent}.elementor-widget-text-editor:not(.elementor-drop-cap-view-default) .elementor-drop-cap{margin-top:8px}.elementor-widget-text-editor:not(.elementor-drop-cap-view-default) .elementor-drop-cap-letter{width:1em;height:1em}.elementor-widget-text-editor .elementor-drop-cap{float:left;text-align:center;line-height:1;font-size:50px}.elementor-widget-text-editor .elementor-drop-cap-letter{display:inline-block}<\/style>\t\t\t\t<p><img loading=\"lazy\" decoding=\"async\" class=\"size-full wp-image-209 alignleft\" src=\"https:\/\/viverosmiret.es\/wp-content\/uploads\/2023\/03\/buganvilla-sanderiana.jpg\" alt=\"\" width=\"259\" height=\"194\" \/>La Bouganvillea, conocida como buganvilla, es un arbusto trepador de la familia de las <strong>Nictagin\u00e1ceas<\/strong>, que son plantas que pueden alcanzar hasta los <strong>15 metros de altura.<\/strong> La buganvilla tiene su origen en los bosques tropicales de Am\u00e9rica del Sur, sobre todo, en el \u00e1rea amaz\u00f3nica comprendida entre el norte de Argentina, Paraguay, Uruguay, Brasil, Per\u00fa, Chile, Colombia y Centroam\u00e9rica, hasta M\u00e9xico.<\/p>\t\t\t\t\t\t<\/div>\n\t\t\t\t<\/div>\n\t\t\t\t\t<\/div>\n\t\t<\/div>\n\t\t\t\t\t\t\t<\/div>\n\t\t<\/section>\n\t\t\t\t<section class=\"elementor-section elementor-top-section elementor-element elementor-element-304f192 elementor-section-boxed elementor-section-height-default elementor-section-height-default\" data-id=\"304f192\" data-element_type=\"section\">\n\t\t\t\t\t\t<div class=\"elementor-container elementor-column-gap-default\">\n\t\t\t\t\t<div class=\"elementor-column elementor-col-100 elementor-top-column elementor-element elementor-element-be49b06\" data-id=\"be49b06\" data-element_type=\"column\">\n\t\t\t<div class=\"elementor-widget-wrap elementor-element-populated\">\n\t\t\t\t\t\t\t\t<div class=\"elementor-element elementor-element-c6c5a14 elementor-widget elementor-widget-text-editor\" data-id=\"c6c5a14\" data-element_type=\"widget\" data-widget_type=\"text-editor.default\">\n\t\t\t\t<div class=\"elementor-widget-container\">\n\t\t\t\t\t\t\t<p><img loading=\"lazy\" decoding=\"async\" class=\"size-full wp-image-210 alignright\" src=\"https:\/\/viverosmiret.es\/wp-content\/uploads\/2023\/03\/buganvilla-rojo.jpg\" alt=\"\" width=\"275\" height=\"183\" \/>Su nombre gen\u00e9rico se otorg\u00f3 en honor de Louis Antoine de Bougainville (1729-1811), el marino y explorador franc\u00e9s que introdujo la planta en Europa desde Brasil,<\/p><p>Lo que m\u00e1s destaca de la buganvilla, y es lo que llama la atenci\u00f3n de su aspecto sin duda, es la flor, aunque en realidad no es la flor. Las flores, conspicuas, tubulares, con 5-6 l\u00f3bulos cortos, generalmente blancas, son poco atractivas, organizadas en grupos de 3, cada una insertada en una \u201cbr\u00e1ctea\u201d persistente de aspecto papir\u00e1ceo y habitualmente vivamente coloreada de blanco, amarillo, rosado, magenta, morado, rojo o anaranjado. Las br\u00e1cteas son las que determinan el color de cada variedad y son las que hacen que elijamos unas u otras para decorar nuestros espacios.<\/p>\t\t\t\t\t\t<\/div>\n\t\t\t\t<\/div>\n\t\t\t\t\t<\/div>\n\t\t<\/div>\n\t\t\t\t\t\t\t<\/div>\n\t\t<\/section>\n\t\t\t\t<section class=\"elementor-section elementor-top-section elementor-element elementor-element-b87aa01 elementor-section-boxed elementor-section-height-default elementor-section-height-default\" data-id=\"b87aa01\" data-element_type=\"section\">\n\t\t\t\t\t\t<div class=\"elementor-container elementor-column-gap-default\">\n\t\t\t\t\t<div class=\"elementor-column elementor-col-100 elementor-top-column elementor-element elementor-element-952860d\" data-id=\"952860d\" data-element_type=\"column\">\n\t\t\t<div class=\"elementor-widget-wrap elementor-element-populated\">\n\t\t\t\t\t\t\t\t<div class=\"elementor-element elementor-element-89a0134 elementor-widget elementor-widget-text-editor\" data-id=\"89a0134\" data-element_type=\"widget\" data-widget_type=\"text-editor.default\">\n\t\t\t\t<div class=\"elementor-widget-container\">\n\t\t\t\t\t\t\t<p><strong>Necesidades climatol\u00f3gicas y ambientales de la buganvilla\u00a0<\/strong><\/p><p><img loading=\"lazy\" decoding=\"async\" class=\"size-full wp-image-218 alignleft\" src=\"https:\/\/viverosmiret.es\/wp-content\/uploads\/2023\/03\/buganvilla-naranja.jpg\" alt=\"\" width=\"183\" height=\"275\" \/>La buganvilla es una planta de origen tropical, por eso las heladas, son terribles para las buganvillas. As\u00ed que nuestros <strong>inviernos relativamente suaves<\/strong>, y nuestros veranos tambi\u00e9n suaves, son perfectos para su crecimiento y desarrollo. Las buganvillas m\u00e1s comunes en nuestro territorio son las especies glabra y spectabilis: ambas vienen de Brasil, la primera puede llegar hasta los 9 metros de altura, y la segunda, hasta los 6.<\/p><p>Las buganvillas adem\u00e1s necesitan mucha luz, que no significa calor excesivo que hace amarillear sus hojas y caer.<\/p><p>Aunque pueden verse en las buganvillas, flores durante todo el a\u00f1o, su floraci\u00f3n va, normalmente, desde el inicio de la primavera hasta el final del verano.<\/p><p>Sin embargo hay variedades que consiguen varias floraciones y tienen flores pr\u00e1cticamente todo el a\u00f1o.<\/p><p><strong>Necesidades de riego\u00a0<\/strong><\/p><p><img loading=\"lazy\" decoding=\"async\" class=\"size-full wp-image-219 alignright\" src=\"https:\/\/viverosmiret.es\/wp-content\/uploads\/2023\/03\/buganvilla-blanco.jpg\" alt=\"\" width=\"225\" height=\"225\" srcset=\"https:\/\/viverosmiret.es\/wp-content\/uploads\/2023\/03\/buganvilla-blanco.jpg 225w, https:\/\/viverosmiret.es\/wp-content\/uploads\/2023\/03\/buganvilla-blanco-150x150.jpg 150w\" sizes=\"(max-width: 225px) 100vw, 225px\" \/>Aunque depender\u00e1 de la ubicaci\u00f3n, orientaci\u00f3n y terreno en el que se encuentre, por norma general la buganvilla en el suelo es resistente y necesita poco para sobrevivir, en verano basta con regarla dos veces por semana (si la plantamos en maceta, hasta tres veces por semana), en invierno pr\u00e1cticamente nada o una vez por semana en maceta. Cuanto m\u00e1s tiempo tenga la buganvilla mejor soporta las condiciones de \u2018abandono\u2019.<\/p><p><strong>La poda de la buganvilla\u00a0<\/strong><\/p><p>La buganvilla crece r\u00e1pido y requiere poda constante. Aunque hay variedades de crecimiento lento.<\/p><p>Es conveniente una poda anual severa, entre los meses de febrero y marzo para controlar su crecimiento altura, forma o extensi\u00f3n que queramos cubrir. Los primeros a\u00f1os hay que podar las ramas j\u00f3venes para que ramifique correctamente.<\/p>\t\t\t\t\t\t<\/div>\n\t\t\t\t<\/div>\n\t\t\t\t\t<\/div>\n\t\t<\/div>\n\t\t\t\t\t\t\t<\/div>\n\t\t<\/section>\n\t\t\t\t\t\t\t<\/div>","protected":false},"excerpt":{"rendered":"<p>Previous Next La Bouganvillea, conocida como buganvilla, es un arbusto trepador de la familia de las Nictagin\u00e1ceas, que son plantas que pueden alcanzar hasta los 15 metros de altura. La buganvilla tiene su origen en los bosques tropicales de Am\u00e9rica del Sur, sobre todo, en el \u00e1rea amaz\u00f3nica comprendida entre el norte de Argentina, Paraguay, &#8230; <a title=\"Inicio\" class=\"read-more\" href=\"https:\/\/viverosmiret.es\/en\/\" aria-label=\"More on Inicio\">Read more<\/a><\/p>","protected":false},"author":1,"featured_media":0,"parent":0,"menu_order":0,"comment_status":"closed","ping_status":"closed","template":"elementor_header_footer","meta":{"footnotes":""},"class_list":["post-9","page","type-page","status-publish"],"yoast_head":"<!-- This site is optimized with the Yoast SEO plugin v24.6 - https:\/\/yoast.com\/wordpress\/plugins\/seo\/ -->\n<title>Inicio - Viveros Miret<\/title>\n<meta name=\"robots\" content=\"index, follow, max-snippet:-1, max-image-preview:large, max-video-preview:-1\" \/>\n<link rel=\"canonical\" href=\"https:\/\/viverosmiret.es\/en\/\" \/>\n<meta property=\"og:locale\" content=\"en_GB\" \/>\n<meta property=\"og:type\" content=\"article\" \/>\n<meta property=\"og:title\" content=\"Inicio - Viveros Miret\" \/>\n<meta property=\"og:description\" content=\"Previous Next La Bouganvillea, conocida como buganvilla, es un arbusto trepador de la familia de las Nictagin\u00e1ceas, que son plantas que pueden alcanzar hasta los 15 metros de altura. La buganvilla tiene su origen en los bosques tropicales de Am\u00e9rica del Sur, sobre todo, en el \u00e1rea amaz\u00f3nica comprendida entre el norte de Argentina, Paraguay, ... Read more\" \/>\n<meta property=\"og:url\" content=\"https:\/\/viverosmiret.es\/en\/\" \/>\n<meta property=\"og:site_name\" content=\"Viveros Miret\" \/>\n<meta property=\"article:modified_time\" content=\"2025-03-10T09:04:30+00:00\" \/>\n<meta property=\"og:image\" content=\"https:\/\/viverosmiret.es\/wp-content\/uploads\/2023\/03\/buganvilla-sanderiana.jpg\" \/>\n\t<meta property=\"og:image:width\" content=\"259\" \/>\n\t<meta property=\"og:image:height\" content=\"194\" \/>\n\t<meta property=\"og:image:type\" content=\"image\/jpeg\" \/>\n<meta name=\"twitter:card\" content=\"summary_large_image\" \/>\n<meta name=\"twitter:label1\" content=\"Estimated reading time\" \/>\n\t<meta name=\"twitter:data1\" content=\"3 minutes\" \/>\n<script type=\"application\/ld+json\" class=\"yoast-schema-graph\">{\"@context\":\"https:\/\/schema.org\",\"@graph\":[{\"@type\":\"WebPage\",\"@id\":\"https:\/\/viverosmiret.es\/\",\"url\":\"https:\/\/viverosmiret.es\/\",\"name\":\"Inicio - Viveros Miret\",\"isPartOf\":{\"@id\":\"https:\/\/viverosmiret.es\/#website\"},\"primaryImageOfPage\":{\"@id\":\"https:\/\/viverosmiret.es\/#primaryimage\"},\"image\":{\"@id\":\"https:\/\/viverosmiret.es\/#primaryimage\"},\"thumbnailUrl\":\"https:\/\/viverosmiret.es\/wp-content\/uploads\/2023\/03\/buganvilla-sanderiana.jpg\",\"datePublished\":\"2022-12-22T13:01:19+00:00\",\"dateModified\":\"2025-03-10T09:04:30+00:00\",\"inLanguage\":\"en-GB\",\"potentialAction\":[{\"@type\":\"ReadAction\",\"target\":[\"https:\/\/viverosmiret.es\/\"]}]},{\"@type\":\"ImageObject\",\"inLanguage\":\"en-GB\",\"@id\":\"https:\/\/viverosmiret.es\/#primaryimage\",\"url\":\"https:\/\/viverosmiret.es\/wp-content\/uploads\/2023\/03\/buganvilla-sanderiana.jpg\",\"contentUrl\":\"https:\/\/viverosmiret.es\/wp-content\/uploads\/2023\/03\/buganvilla-sanderiana.jpg\"},{\"@type\":\"WebSite\",\"@id\":\"https:\/\/viverosmiret.es\/#website\",\"url\":\"https:\/\/viverosmiret.es\/\",\"name\":\"Viveros Miret\",\"description\":\"\",\"publisher\":{\"@id\":\"https:\/\/viverosmiret.es\/#organization\"},\"potentialAction\":[{\"@type\":\"SearchAction\",\"target\":{\"@type\":\"EntryPoint\",\"urlTemplate\":\"https:\/\/viverosmiret.es\/?s={search_term_string}\"},\"query-input\":{\"@type\":\"PropertyValueSpecification\",\"valueRequired\":true,\"valueName\":\"search_term_string\"}}],\"inLanguage\":\"en-GB\"},{\"@type\":\"Organization\",\"@id\":\"https:\/\/viverosmiret.es\/#organization\",\"name\":\"Viveros Miret\",\"url\":\"https:\/\/viverosmiret.es\/\",\"logo\":{\"@type\":\"ImageObject\",\"inLanguage\":\"en-GB\",\"@id\":\"https:\/\/viverosmiret.es\/#\/schema\/logo\/image\/\",\"url\":\"https:\/\/viverosmiret.es\/wp-content\/uploads\/2023\/03\/buganvilla-detalle-2.jpg\",\"contentUrl\":\"https:\/\/viverosmiret.es\/wp-content\/uploads\/2023\/03\/buganvilla-detalle-2.jpg\",\"width\":215,\"height\":158,\"caption\":\"Viveros Miret\"},\"image\":{\"@id\":\"https:\/\/viverosmiret.es\/#\/schema\/logo\/image\/\"}}]}<\/script>\n<!-- \/ Yoast SEO plugin. -->","yoast_head_json":{"title":"Inicio - Viveros Miret","robots":{"index":"index","follow":"follow","max-snippet":"max-snippet:-1","max-image-preview":"max-image-preview:large","max-video-preview":"max-video-preview:-1"},"canonical":"https:\/\/viverosmiret.es\/en\/","og_locale":"en_GB","og_type":"article","og_title":"Inicio - Viveros Miret","og_description":"Previous Next La Bouganvillea, conocida como buganvilla, es un arbusto trepador de la familia de las Nictagin\u00e1ceas, que son plantas que pueden alcanzar hasta los 15 metros de altura. La buganvilla tiene su origen en los bosques tropicales de Am\u00e9rica del Sur, sobre todo, en el \u00e1rea amaz\u00f3nica comprendida entre el norte de Argentina, Paraguay, ... Read more","og_url":"https:\/\/viverosmiret.es\/en\/","og_site_name":"Viveros Miret","article_modified_time":"2025-03-10T09:04:30+00:00","og_image":[{"width":259,"height":194,"url":"https:\/\/viverosmiret.es\/wp-content\/uploads\/2023\/03\/buganvilla-sanderiana.jpg","type":"image\/jpeg"}],"twitter_card":"summary_large_image","twitter_misc":{"Estimated reading time":"3 minutes"},"schema":{"@context":"https:\/\/schema.org","@graph":[{"@type":"WebPage","@id":"https:\/\/viverosmiret.es\/","url":"https:\/\/viverosmiret.es\/","name":"Inicio - Viveros Miret","isPartOf":{"@id":"https:\/\/viverosmiret.es\/#website"},"primaryImageOfPage":{"@id":"https:\/\/viverosmiret.es\/#primaryimage"},"image":{"@id":"https:\/\/viverosmiret.es\/#primaryimage"},"thumbnailUrl":"https:\/\/viverosmiret.es\/wp-content\/uploads\/2023\/03\/buganvilla-sanderiana.jpg","datePublished":"2022-12-22T13:01:19+00:00","dateModified":"2025-03-10T09:04:30+00:00","inLanguage":"en-GB","potentialAction":[{"@type":"ReadAction","target":["https:\/\/viverosmiret.es\/"]}]},{"@type":"ImageObject","inLanguage":"en-GB","@id":"https:\/\/viverosmiret.es\/#primaryimage","url":"https:\/\/viverosmiret.es\/wp-content\/uploads\/2023\/03\/buganvilla-sanderiana.jpg","contentUrl":"https:\/\/viverosmiret.es\/wp-content\/uploads\/2023\/03\/buganvilla-sanderiana.jpg"},{"@type":"WebSite","@id":"https:\/\/viverosmiret.es\/#website","url":"https:\/\/viverosmiret.es\/","name":"Viveros Miret","description":"","publisher":{"@id":"https:\/\/viverosmiret.es\/#organization"},"potentialAction":[{"@type":"SearchAction","target":{"@type":"EntryPoint","urlTemplate":"https:\/\/viverosmiret.es\/?s={search_term_string}"},"query-input":{"@type":"PropertyValueSpecification","valueRequired":true,"valueName":"search_term_string"}}],"inLanguage":"en-GB"},{"@type":"Organization","@id":"https:\/\/viverosmiret.es\/#organization","name":"Viveros Miret","url":"https:\/\/viverosmiret.es\/","logo":{"@type":"ImageObject","inLanguage":"en-GB","@id":"https:\/\/viverosmiret.es\/#\/schema\/logo\/image\/","url":"https:\/\/viverosmiret.es\/wp-content\/uploads\/2023\/03\/buganvilla-detalle-2.jpg","contentUrl":"https:\/\/viverosmiret.es\/wp-content\/uploads\/2023\/03\/buganvilla-detalle-2.jpg","width":215,"height":158,"caption":"Viveros Miret"},"image":{"@id":"https:\/\/viverosmiret.es\/#\/schema\/logo\/image\/"}}]}},"_links":{"self":[{"href":"https:\/\/viverosmiret.es\/en\/wp-json\/wp\/v2\/pages\/9"}],"collection":[{"href":"https:\/\/viverosmiret.es\/en\/wp-json\/wp\/v2\/pages"}],"about":[{"href":"https:\/\/viverosmiret.es\/en\/wp-json\/wp\/v2\/types\/page"}],"author":[{"embeddable":true,"href":"https:\/\/viverosmiret.es\/en\/wp-json\/wp\/v2\/users\/1"}],"replies":[{"embeddable":true,"href":"https:\/\/viverosmiret.es\/en\/wp-json\/wp\/v2\/comments?post=9"}],"version-history":[{"count":79,"href":"https:\/\/viverosmiret.es\/en\/wp-json\/wp\/v2\/pages\/9\/revisions"}],"predecessor-version":[{"id":331,"href":"https:\/\/viverosmiret.es\/en\/wp-json\/wp\/v2\/pages\/9\/revisions\/331"}],"wp:attachment":[{"href":"https:\/\/viverosmiret.es\/en\/wp-json\/wp\/v2\/media?parent=9"}],"curies":[{"name":"wp","href":"https:\/\/api.w.org\/{rel}","templated":true}]}}